{"id":10088,"date":"2024-03-29T17:40:29","date_gmt":"2024-03-29T17:40:29","guid":{"rendered":"http:\/\/granit-world.pl\/?post_type=product&#038;p=10088"},"modified":"2025-11-29T21:16:36","modified_gmt":"2025-11-29T21:16:36","slug":"kruszywo-vanga16","status":"publish","type":"product","link":"https:\/\/granit-world.pl\/index.php\/produkt\/kruszywo-vanga16\/","title":{"rendered":"Kruszywo Vanga 16-32 tona"},"content":{"rendered":"<p>Kruszywo granitowe to materia\u0142 budowlany otrzymywany poprzez kruszenie granitu na r\u00f3\u017cne frakcje ziarnowe. Granit, jako naturalny kamie\u0144 o du\u017cej twardo\u015bci i wytrzyma\u0142o\u015bci, jest doskona\u0142ym surowcem do produkcji kruszywa o wysokich w\u0142a\u015bciwo\u015bciach technicznych i estetycznych.<\/p>\n","protected":false},"excerpt":{"rendered":"<p>Charakteryzuje si\u0119 zr\u00f3\u017cnicowan\u0105 wielko\u015bci\u0105 ziaren, co pozwala na dostosowanie go do konkretnych potrzeb budowlanych. Kruszywo granitowe mo\u017ce by\u0107 stosowane zar\u00f3wno do budowy nawierzchni drogowych, jak i do beton\u00f3w, zapraw murarskich, podbudowy pod chodniki czy jako materia\u0142 dekoracyjny w ogrodach i parkach.<\/p>\n","protected":false},"featured_media":10146,"template":"","meta":{"_acf_changed":false,"_kad_post_transparent":"","_kad_post_title":"","_kad_post_layout":"","_kad_post_sidebar_id":"","_kad_post_content_style":"","_kad_post_vertical_padding":"","_kad_post_feature":"","_kad_post_feature_position":"","_kad_post_header":false,"_kad_post_footer":false},"product_brand":[],"product_cat":[102],"product_tag":[103],"class_list":{"0":"post-10088","1":"product","2":"type-product","3":"status-publish","4":"has-post-thumbnail","6":"product_cat-kruszywa","7":"product_tag-kruszywa","9":"first","10":"instock","11":"taxable","12":"shipping-taxable","13":"purchasable","14":"product-type-simple","15":"entry","16":"content-bg","17":"loop-entry"},"acf":[],"_links":{"self":[{"href":"https:\/\/granit-world.pl\/index.php\/wp-json\/wp\/v2\/product\/10088","targetHints":{"allow":["GET"]}}],"collection":[{"href":"https:\/\/granit-world.pl\/index.php\/wp-json\/wp\/v2\/product"}],"about":[{"href":"https:\/\/granit-world.pl\/index.php\/wp-json\/wp\/v2\/types\/product"}],"wp:featuredmedia":[{"embeddable":true,"href":"https:\/\/granit-world.pl\/index.php\/wp-json\/wp\/v2\/media\/10146"}],"wp:attachment":[{"href":"https:\/\/granit-world.pl\/index.php\/wp-json\/wp\/v2\/media?parent=10088"}],"wp:term":[{"taxonomy":"product_brand","embeddable":true,"href":"https:\/\/granit-world.pl\/index.php\/wp-json\/wp\/v2\/product_brand?post=10088"},{"taxonomy":"product_cat","embeddable":true,"href":"https:\/\/granit-world.pl\/index.php\/wp-json\/wp\/v2\/product_cat?post=10088"},{"taxonomy":"product_tag","embeddable":true,"href":"https:\/\/granit-world.pl\/index.php\/wp-json\/wp\/v2\/product_tag?post=10088"}],"curies":[{"name":"wp","href":"https:\/\/api.w.org\/{rel}","templated":true}]}}