{"id":10070,"date":"2024-03-29T16:53:51","date_gmt":"2024-03-29T16:53:51","guid":{"rendered":"https:\/\/granit-world.pl\/?post_type=product&#038;p=10070"},"modified":"2025-11-29T21:07:06","modified_gmt":"2025-11-29T21:07:06","slug":"strzegom-10cm","status":"publish","type":"product","link":"https:\/\/granit-world.pl\/index.php\/produkt\/strzegom-10cm\/","title":{"rendered":"P\u0142yty Strzegom 10 cm m2"},"content":{"rendered":"<p>P\u0142yty Strzegom o grubo\u015bci 10 cm s\u0105 dost\u0119pne w r\u00f3\u017cnych rozmiarach i kszta\u0142tach, co pozwala na ich wszechstronne wykorzystanie w r\u00f3\u017cnorodnych projektach. Mog\u0105 by\u0107 stosowane do wyko\u0144czenia pod\u0142\u00f3g, \u015bcie\u017cek, taras\u00f3w, schod\u00f3w czy elewacji budynk\u00f3w, dodaj\u0105c im elegancji i presti\u017cu.<\/p>\n","protected":false},"excerpt":{"rendered":"<p>Charakteryzuj\u0105 si\u0119 one solidn\u0105 konstrukcj\u0105 oraz trwa\u0142o\u015bci\u0105, kt\u00f3re sprawiaj\u0105, \u017ce s\u0105 doskona\u0142ym wyborem do r\u00f3\u017cnorodnych zastosowa\u0144 zar\u00f3wno wewn\u0105trz, jak i na zewn\u0105trz budynk\u00f3w. Ich powierzchnia mo\u017ce by\u0107 g\u0142adka lub lekko szorstka, co zale\u017cy od konkretnych preferencji i potrzeb projektowych.<\/p>\n","protected":false},"featured_media":10025,"template":"","meta":{"_acf_changed":false,"_kad_post_transparent":"","_kad_post_title":"","_kad_post_layout":"","_kad_post_sidebar_id":"","_kad_post_content_style":"","_kad_post_vertical_padding":"","_kad_post_feature":"","_kad_post_feature_position":"","_kad_post_header":false,"_kad_post_footer":false},"product_brand":[],"product_cat":[98],"product_tag":[99],"class_list":{"0":"post-10070","1":"product","2":"type-product","3":"status-publish","4":"has-post-thumbnail","6":"product_cat-plyty-granitowe","7":"product_tag-plyty-granitowe","9":"first","10":"instock","11":"taxable","12":"shipping-taxable","13":"purchasable","14":"product-type-simple","15":"entry","16":"content-bg","17":"loop-entry"},"acf":[],"_links":{"self":[{"href":"https:\/\/granit-world.pl\/index.php\/wp-json\/wp\/v2\/product\/10070","targetHints":{"allow":["GET"]}}],"collection":[{"href":"https:\/\/granit-world.pl\/index.php\/wp-json\/wp\/v2\/product"}],"about":[{"href":"https:\/\/granit-world.pl\/index.php\/wp-json\/wp\/v2\/types\/product"}],"wp:featuredmedia":[{"embeddable":true,"href":"https:\/\/granit-world.pl\/index.php\/wp-json\/wp\/v2\/media\/10025"}],"wp:attachment":[{"href":"https:\/\/granit-world.pl\/index.php\/wp-json\/wp\/v2\/media?parent=10070"}],"wp:term":[{"taxonomy":"product_brand","embeddable":true,"href":"https:\/\/granit-world.pl\/index.php\/wp-json\/wp\/v2\/product_brand?post=10070"},{"taxonomy":"product_cat","embeddable":true,"href":"https:\/\/granit-world.pl\/index.php\/wp-json\/wp\/v2\/product_cat?post=10070"},{"taxonomy":"product_tag","embeddable":true,"href":"https:\/\/granit-world.pl\/index.php\/wp-json\/wp\/v2\/product_tag?post=10070"}],"curies":[{"name":"wp","href":"https:\/\/api.w.org\/{rel}","templated":true}]}}