{"id":10040,"date":"2024-03-29T16:09:05","date_gmt":"2024-03-29T16:09:05","guid":{"rendered":"https:\/\/granit-world.pl\/?post_type=product&#038;p=10040"},"modified":"2025-11-29T21:07:55","modified_gmt":"2025-11-29T21:07:55","slug":"blaty-impala","status":"publish","type":"product","link":"https:\/\/granit-world.pl\/index.php\/produkt\/blaty-impala\/","title":{"rendered":"Blaty\/parapety Impala m2"},"content":{"rendered":"<p>Granit Impala to popularny i ceniony materia\u0142 budowlany o charakterystycznym wygl\u0105dzie i wysokiej jako\u015bci. Jest to granit pochodz\u0105cy g\u0142\u00f3wnie z region\u00f3w Afryki Po\u0142udniowej, takich jak Zimbabwe czy Afryka Po\u0142udniowa. Nazwa &#8222;Impala&#8221; nawi\u0105zuje do kolorystyki tego granitu, kt\u00f3ra przypomina barw\u0119 sier\u015bci antylopy impala.<\/p>\n","protected":false},"excerpt":{"rendered":"<p>Granit Impala charakteryzuje si\u0119 g\u0142\u0119bokim, jednolitym odcieniem czerni lub ciemnego szaro-czarnego koloru, kt\u00f3ry nadaje mu elegancki i nowoczesny wygl\u0105d. Jego powierzchnia mo\u017ce zawiera\u0107 subtelne, delikatne ziarna lub \u017cy\u0142ki, dodaj\u0105c mu nieco tekstury i charakteru. Jest to materia\u0142 niezwykle trwa\u0142y, odporny na \u015bcieranie, uszkodzenia oraz dzia\u0142anie czynnik\u00f3w atmosferycznych, co sprawia, \u017ce doskonale nadaje si\u0119 do r\u00f3\u017cnorodnych zastosowa\u0144 zar\u00f3wno wewn\u0105trz, jak i na zewn\u0105trz budynk\u00f3w.<\/p>\n","protected":false},"featured_media":10041,"template":"","meta":{"_acf_changed":false,"_kad_post_transparent":"","_kad_post_title":"","_kad_post_layout":"","_kad_post_sidebar_id":"","_kad_post_content_style":"","_kad_post_vertical_padding":"","_kad_post_feature":"","_kad_post_feature_position":"","_kad_post_header":false,"_kad_post_footer":false},"product_brand":[],"product_cat":[95,94],"product_tag":[92,93],"class_list":{"0":"post-10040","1":"product","2":"type-product","3":"status-publish","4":"has-post-thumbnail","6":"product_cat-parapety","7":"product_cat-blaty-granitowe","8":"product_tag-blaty-granitowe","9":"product_tag-parapety-granitowe","11":"first","12":"instock","13":"taxable","14":"shipping-taxable","15":"purchasable","16":"product-type-simple","17":"entry","18":"content-bg","19":"loop-entry"},"acf":[],"_links":{"self":[{"href":"https:\/\/granit-world.pl\/index.php\/wp-json\/wp\/v2\/product\/10040","targetHints":{"allow":["GET"]}}],"collection":[{"href":"https:\/\/granit-world.pl\/index.php\/wp-json\/wp\/v2\/product"}],"about":[{"href":"https:\/\/granit-world.pl\/index.php\/wp-json\/wp\/v2\/types\/product"}],"wp:featuredmedia":[{"embeddable":true,"href":"https:\/\/granit-world.pl\/index.php\/wp-json\/wp\/v2\/media\/10041"}],"wp:attachment":[{"href":"https:\/\/granit-world.pl\/index.php\/wp-json\/wp\/v2\/media?parent=10040"}],"wp:term":[{"taxonomy":"product_brand","embeddable":true,"href":"https:\/\/granit-world.pl\/index.php\/wp-json\/wp\/v2\/product_brand?post=10040"},{"taxonomy":"product_cat","embeddable":true,"href":"https:\/\/granit-world.pl\/index.php\/wp-json\/wp\/v2\/product_cat?post=10040"},{"taxonomy":"product_tag","embeddable":true,"href":"https:\/\/granit-world.pl\/index.php\/wp-json\/wp\/v2\/product_tag?post=10040"}],"curies":[{"name":"wp","href":"https:\/\/api.w.org\/{rel}","templated":true}]}}