{"id":10036,"date":"2024-03-29T16:05:49","date_gmt":"2024-03-29T16:05:49","guid":{"rendered":"https:\/\/granit-world.pl\/?post_type=product&#038;p=10036"},"modified":"2025-11-29T21:08:09","modified_gmt":"2025-11-29T21:08:09","slug":"blaty-imperial","status":"publish","type":"product","link":"https:\/\/granit-world.pl\/index.php\/produkt\/blaty-imperial\/","title":{"rendered":"Blaty\/parapety Imperial m2"},"content":{"rendered":"<p>Granit Imperial Black to wyj\u0105tkowy rodzaj granitu, kt\u00f3ry imponuje swoj\u0105 g\u0142\u0119bok\u0105, intensywn\u0105 czerni\u0105 oraz charakterystycznymi srebrzystymi, bia\u0142ymi lub z\u0142otymi \u017cy\u0142kami biegn\u0105cymi wzd\u0142u\u017c jego powierzchni. Jest to materia\u0142 o eleganckim wygl\u0105dzie i niepowtarzalnym charakterze, kt\u00f3ry nadaje si\u0119 doskonale do zastosowa\u0144 zar\u00f3wno wewn\u0105trz, jak i na zewn\u0105trz budynk\u00f3w.<\/p>\n","protected":false},"excerpt":{"rendered":"<p>Jego czarna barwa sprawia, \u017ce Granit Imperial Black jest niezwykle elegancki i presti\u017cowy, nadaj\u0105c ka\u017cdemu projektowi luksusowy wygl\u0105d. Dodatkowo, kontrastuj\u0105ce \u017cy\u0142ki dodaj\u0105 mu unikalnego uroku, sprawiaj\u0105c, \u017ce ka\u017cda p\u0142yta tego granitu jest wyj\u0105tkowa i niepowtarzalna.<\/p>\n","protected":false},"featured_media":10037,"template":"","meta":{"_acf_changed":false,"_kad_post_transparent":"","_kad_post_title":"","_kad_post_layout":"","_kad_post_sidebar_id":"","_kad_post_content_style":"","_kad_post_vertical_padding":"","_kad_post_feature":"","_kad_post_feature_position":"","_kad_post_header":false,"_kad_post_footer":false},"product_brand":[],"product_cat":[95,94],"product_tag":[92,93],"class_list":{"0":"post-10036","1":"product","2":"type-product","3":"status-publish","4":"has-post-thumbnail","6":"product_cat-parapety","7":"product_cat-blaty-granitowe","8":"product_tag-blaty-granitowe","9":"product_tag-parapety-granitowe","11":"first","12":"instock","13":"taxable","14":"shipping-taxable","15":"purchasable","16":"product-type-simple","17":"entry","18":"content-bg","19":"loop-entry"},"acf":[],"_links":{"self":[{"href":"https:\/\/granit-world.pl\/index.php\/wp-json\/wp\/v2\/product\/10036","targetHints":{"allow":["GET"]}}],"collection":[{"href":"https:\/\/granit-world.pl\/index.php\/wp-json\/wp\/v2\/product"}],"about":[{"href":"https:\/\/granit-world.pl\/index.php\/wp-json\/wp\/v2\/types\/product"}],"wp:featuredmedia":[{"embeddable":true,"href":"https:\/\/granit-world.pl\/index.php\/wp-json\/wp\/v2\/media\/10037"}],"wp:attachment":[{"href":"https:\/\/granit-world.pl\/index.php\/wp-json\/wp\/v2\/media?parent=10036"}],"wp:term":[{"taxonomy":"product_brand","embeddable":true,"href":"https:\/\/granit-world.pl\/index.php\/wp-json\/wp\/v2\/product_brand?post=10036"},{"taxonomy":"product_cat","embeddable":true,"href":"https:\/\/granit-world.pl\/index.php\/wp-json\/wp\/v2\/product_cat?post=10036"},{"taxonomy":"product_tag","embeddable":true,"href":"https:\/\/granit-world.pl\/index.php\/wp-json\/wp\/v2\/product_tag?post=10036"}],"curies":[{"name":"wp","href":"https:\/\/api.w.org\/{rel}","templated":true}]}}