{"id":10033,"date":"2024-03-29T15:01:40","date_gmt":"2024-03-29T15:01:40","guid":{"rendered":"https:\/\/granit-world.pl\/?post_type=product&#038;p=10033"},"modified":"2025-11-29T21:08:22","modified_gmt":"2025-11-29T21:08:22","slug":"blaty-multicolor","status":"publish","type":"product","link":"https:\/\/granit-world.pl\/index.php\/produkt\/blaty-multicolor\/","title":{"rendered":"Blaty\/parapety Multicolor m2"},"content":{"rendered":"<p>Granit Multicolor to pi\u0119kny i wyj\u0105tkowy rodzaj granitu, kt\u00f3ry wyr\u00f3\u017cnia si\u0119 swoj\u0105 r\u00f3\u017cnorodno\u015bci\u0105 kolor\u00f3w i unikalnym wzornictwem. Charakteryzuje si\u0119 bogactwem tonacji, kt\u00f3re obejmuj\u0105 r\u00f3\u017cne odcienie br\u0105z\u00f3w, szaro\u015bci, be\u017cy i czerwieni, tworz\u0105c niepowtarzalne kompozycje barwne.<\/p>\n","protected":false},"excerpt":{"rendered":"<p>Jego powierzchnia jest niezwykle trwa\u0142a i odporna na uszkodzenia mechaniczne oraz dzia\u0142anie czynnik\u00f3w atmosferycznych, co sprawia, \u017ce doskonale nadaje si\u0119 do zastosowania zar\u00f3wno wewn\u0105trz, jak i na zewn\u0105trz budynk\u00f3w. Dzi\u0119ki swojej wyj\u0105tkowej estetyce i trwa\u0142o\u015bci, Granit Multicolor jest cz\u0119sto wykorzystywany w projektach architektonicznych do wyko\u0144czenia pod\u0142\u00f3g, schod\u00f3w, elewacji budynk\u00f3w, taras\u00f3w czy chodnik\u00f3w.<\/p>\n","protected":false},"featured_media":10034,"template":"","meta":{"_acf_changed":false,"_kad_post_transparent":"","_kad_post_title":"","_kad_post_layout":"","_kad_post_sidebar_id":"","_kad_post_content_style":"","_kad_post_vertical_padding":"","_kad_post_feature":"","_kad_post_feature_position":"","_kad_post_header":false,"_kad_post_footer":false},"product_brand":[],"product_cat":[95,94],"product_tag":[92,93],"class_list":{"0":"post-10033","1":"product","2":"type-product","3":"status-publish","4":"has-post-thumbnail","6":"product_cat-parapety","7":"product_cat-blaty-granitowe","8":"product_tag-blaty-granitowe","9":"product_tag-parapety-granitowe","11":"first","12":"instock","13":"taxable","14":"shipping-taxable","15":"purchasable","16":"product-type-simple","17":"entry","18":"content-bg","19":"loop-entry"},"acf":[],"_links":{"self":[{"href":"https:\/\/granit-world.pl\/index.php\/wp-json\/wp\/v2\/product\/10033","targetHints":{"allow":["GET"]}}],"collection":[{"href":"https:\/\/granit-world.pl\/index.php\/wp-json\/wp\/v2\/product"}],"about":[{"href":"https:\/\/granit-world.pl\/index.php\/wp-json\/wp\/v2\/types\/product"}],"wp:featuredmedia":[{"embeddable":true,"href":"https:\/\/granit-world.pl\/index.php\/wp-json\/wp\/v2\/media\/10034"}],"wp:attachment":[{"href":"https:\/\/granit-world.pl\/index.php\/wp-json\/wp\/v2\/media?parent=10033"}],"wp:term":[{"taxonomy":"product_brand","embeddable":true,"href":"https:\/\/granit-world.pl\/index.php\/wp-json\/wp\/v2\/product_brand?post=10033"},{"taxonomy":"product_cat","embeddable":true,"href":"https:\/\/granit-world.pl\/index.php\/wp-json\/wp\/v2\/product_cat?post=10033"},{"taxonomy":"product_tag","embeddable":true,"href":"https:\/\/granit-world.pl\/index.php\/wp-json\/wp\/v2\/product_tag?post=10033"}],"curies":[{"name":"wp","href":"https:\/\/api.w.org\/{rel}","templated":true}]}}