{"id":10019,"date":"2024-03-28T17:07:00","date_gmt":"2024-03-28T17:07:00","guid":{"rendered":"https:\/\/granit-world.pl\/?post_type=product&#038;p=10019"},"modified":"2025-11-29T21:11:29","modified_gmt":"2025-11-29T21:11:29","slug":"opornik1","status":"publish","type":"product","link":"https:\/\/granit-world.pl\/index.php\/produkt\/opornik1\/","title":{"rendered":"Opornik \u0142upany 10&#215;20 cm mb"},"content":{"rendered":"<p>Opornik granitowy \u0142upany to rodzaj kamienia murowego wykonanego z granitu, kt\u00f3ry zosta\u0142 poddany procesowi \u0142upania. Proces ten polega na rozbijaniu du\u017cych blok\u00f3w granitu na mniejsze kawa\u0142ki o okre\u015blonych wymiarach i grubo\u015bciach. W rezultacie otrzymuje si\u0119 kamienie o nieregularnych kszta\u0142tach, kt\u00f3re zachowuj\u0105 naturaln\u0105 struktur\u0119 i tekstur\u0119 granitu. Opornik granitowy \u0142upany jest popularnym wyborem do budowy \u015bcian, mur\u00f3w oporowych, chodnik\u00f3w i \u015bcie\u017cek ze wzgl\u0119du na swoj\u0105 trwa\u0142o\u015b\u0107, odporno\u015b\u0107 na warunki atmosferyczne oraz estetyczny wygl\u0105d. Dodatkowo, faktura \u0142upana sprawia, \u017ce kamienie te mog\u0105 by\u0107 \u0142atwo uk\u0142adane w spos\u00f3b, kt\u00f3ry dodaje uroku i charakteru danej konstrukcji.<\/p>\n","protected":false},"excerpt":{"rendered":"<p>Opornik granitowy to kamie\u0144 budowlany wykonany z granitu, charakteryzuj\u0105cy si\u0119 wysok\u0105 trwa\u0142o\u015bci\u0105 oraz odporno\u015bci\u0105 na warunki atmosferyczne. Jest to zazwyczaj granit o nieregularnym kszta\u0142cie, kt\u00f3ry nadaje si\u0119 do budowy mur\u00f3w oporowych, podmur\u00f3wek, chodnik\u00f3w oraz \u015bcie\u017cek ogrodowych.<\/p>\n","protected":false},"featured_media":10020,"template":"","meta":{"_acf_changed":false,"_kad_post_transparent":"","_kad_post_title":"","_kad_post_layout":"","_kad_post_sidebar_id":"","_kad_post_content_style":"","_kad_post_vertical_padding":"","_kad_post_feature":"","_kad_post_feature_position":"","_kad_post_header":false,"_kad_post_footer":false},"product_brand":[],"product_cat":[91],"product_tag":[90],"class_list":{"0":"post-10019","1":"product","2":"type-product","3":"status-publish","4":"has-post-thumbnail","6":"product_cat-opornik-granitowy","7":"product_tag-opornik-granitowy","9":"first","10":"instock","11":"taxable","12":"shipping-taxable","13":"purchasable","14":"product-type-simple","15":"entry","16":"content-bg","17":"loop-entry"},"acf":[],"_links":{"self":[{"href":"https:\/\/granit-world.pl\/index.php\/wp-json\/wp\/v2\/product\/10019","targetHints":{"allow":["GET"]}}],"collection":[{"href":"https:\/\/granit-world.pl\/index.php\/wp-json\/wp\/v2\/product"}],"about":[{"href":"https:\/\/granit-world.pl\/index.php\/wp-json\/wp\/v2\/types\/product"}],"wp:featuredmedia":[{"embeddable":true,"href":"https:\/\/granit-world.pl\/index.php\/wp-json\/wp\/v2\/media\/10020"}],"wp:attachment":[{"href":"https:\/\/granit-world.pl\/index.php\/wp-json\/wp\/v2\/media?parent=10019"}],"wp:term":[{"taxonomy":"product_brand","embeddable":true,"href":"https:\/\/granit-world.pl\/index.php\/wp-json\/wp\/v2\/product_brand?post=10019"},{"taxonomy":"product_cat","embeddable":true,"href":"https:\/\/granit-world.pl\/index.php\/wp-json\/wp\/v2\/product_cat?post=10019"},{"taxonomy":"product_tag","embeddable":true,"href":"https:\/\/granit-world.pl\/index.php\/wp-json\/wp\/v2\/product_tag?post=10019"}],"curies":[{"name":"wp","href":"https:\/\/api.w.org\/{rel}","templated":true}]}}