{"id":10016,"date":"2024-03-28T17:02:45","date_gmt":"2024-03-28T17:02:45","guid":{"rendered":"https:\/\/granit-world.pl\/?post_type=product&#038;p=10016"},"modified":"2025-11-29T21:11:44","modified_gmt":"2025-11-29T21:11:44","slug":"plytka-granit","status":"publish","type":"product","link":"https:\/\/granit-world.pl\/index.php\/produkt\/plytka-granit\/","title":{"rendered":"P\u0142ytka 10x20x20 cm tona"},"content":{"rendered":"<p>Kamie\u0144 murowy wykonany z granitu jest zazwyczaj ci\u0119\u017cki, co sprawia, \u017ce jest bardzo stabilny i trwa\u0142y. Posiada tak\u017ce atrakcyjny wygl\u0105d, ze wzgl\u0119du na r\u00f3\u017cnorodno\u015b\u0107 wzor\u00f3w, barw i tekstur wyst\u0119puj\u0105cych w granicie. Granitowy kamie\u0144 murowy jest wykorzystywany do budowy \u015bcian, elewacji, podmur\u00f3wek i innych konstrukcji, zapewniaj\u0105c solidno\u015b\u0107 i estetyk\u0119.<\/p>\n","protected":false},"excerpt":{"rendered":"<p>Kamie\u0144 murowy to materia\u0142 budowlany o wyj\u0105tkowej trwa\u0142o\u015bci i estetyce. Wykorzystywany g\u0142\u00f3wnie do budowy \u015bcian i elewacji, doskonale sprawdza si\u0119 zar\u00f3wno w projektach nowoczesnych, jak i tradycyjnych.<\/p>\n","protected":false},"featured_media":10017,"template":"","meta":{"_acf_changed":false,"_kad_post_transparent":"","_kad_post_title":"","_kad_post_layout":"","_kad_post_sidebar_id":"","_kad_post_content_style":"","_kad_post_vertical_padding":"","_kad_post_feature":"","_kad_post_feature_position":"","_kad_post_header":false,"_kad_post_footer":false},"product_brand":[],"product_cat":[89],"product_tag":[87],"class_list":{"0":"post-10016","1":"product","2":"type-product","3":"status-publish","4":"has-post-thumbnail","6":"product_cat-kamien-murowy","7":"product_tag-kamien-murowy","9":"first","10":"instock","11":"taxable","12":"shipping-taxable","13":"purchasable","14":"product-type-simple","15":"entry","16":"content-bg","17":"loop-entry"},"acf":[],"_links":{"self":[{"href":"https:\/\/granit-world.pl\/index.php\/wp-json\/wp\/v2\/product\/10016","targetHints":{"allow":["GET"]}}],"collection":[{"href":"https:\/\/granit-world.pl\/index.php\/wp-json\/wp\/v2\/product"}],"about":[{"href":"https:\/\/granit-world.pl\/index.php\/wp-json\/wp\/v2\/types\/product"}],"wp:featuredmedia":[{"embeddable":true,"href":"https:\/\/granit-world.pl\/index.php\/wp-json\/wp\/v2\/media\/10017"}],"wp:attachment":[{"href":"https:\/\/granit-world.pl\/index.php\/wp-json\/wp\/v2\/media?parent=10016"}],"wp:term":[{"taxonomy":"product_brand","embeddable":true,"href":"https:\/\/granit-world.pl\/index.php\/wp-json\/wp\/v2\/product_brand?post=10016"},{"taxonomy":"product_cat","embeddable":true,"href":"https:\/\/granit-world.pl\/index.php\/wp-json\/wp\/v2\/product_cat?post=10016"},{"taxonomy":"product_tag","embeddable":true,"href":"https:\/\/granit-world.pl\/index.php\/wp-json\/wp\/v2\/product_tag?post=10016"}],"curies":[{"name":"wp","href":"https:\/\/api.w.org\/{rel}","templated":true}]}}