{"id":9312,"date":"2024-02-27T14:18:17","date_gmt":"2024-02-27T14:18:17","guid":{"rendered":"https:\/\/granit-world.pl\/?page_id=9312"},"modified":"2025-08-11T15:50:40","modified_gmt":"2025-08-11T15:50:40","slug":"kamien-murowy","status":"publish","type":"page","link":"https:\/\/granit-world.pl\/index.php\/kamien-murowy\/","title":{"rendered":"Kamie\u0144 murowy"},"content":{"rendered":"<div class=\"masonry-section\">\n<div class=\"masonry-image-wrapper\"><img decoding=\"async\" class=\"masonry-main-image\" src=\"https:\/\/granit-world.pl\/wp-content\/uploads\/2024\/04\/kam-murowy.jpg\" alt=\"kamie\u0144 murowy\" \/><\/div>\n<p>Kamie\u0144 murowy \u0142upany to naturalny kamie\u0144 roz\u0142upany r\u0119cznie lub maszynowo na mniejsze bry\u0142y o chropowatej, nieregularnej powierzchni. Taki kamie\u0144 zachowuje surowy, naturalny wygl\u0105d, kt\u00f3ry nadaje budowlom rustykalny i solidny charakter. Dzi\u0119ki trwa\u0142o\u015bci i odporno\u015bci na warunki atmosferyczne sprawdza si\u0119 \u015bwietnie przy budowie mur\u00f3w, ogrodze\u0144 i elewacji.<\/p>\n<div class=\"masonry-columns\">\n<div class=\"column\">\n<h2 class=\"masonry-heading\">Kamie\u0144 murowy 10x20x40 cm<\/h2>\n<p class=\"masonry-text\">Kompaktowy kamie\u0144 \u0142upany o wymiarach 10x20x40 cm jest wysoko ceniony w budownictwie. Jego naturalna, solidna struktura zapewnia trwa\u0142o\u015b\u0107 i odporno\u015b\u0107 na warunki atmosferyczne, co sprawia, \u017ce doskonale nadaje si\u0119 do budowy mur\u00f3w i \u015bcian no\u015bnych. Precyzyjne wymiary u\u0142atwiaj\u0105 murowanie, tworz\u0105c r\u00f3wn\u0105 i estetyczn\u0105 powierzchni\u0119, idealn\u0105 tak\u017ce na elewacje. Kamie\u0144 ten \u0142\u0105czy funkcjonalno\u015b\u0107 z naturalnym, eleganckim wygl\u0105dem, nadaj\u0105c budowlom trwa\u0142y i atrakcyjny charakter.<\/p>\n<\/div>\n<div class=\"column\">\n<h2 class=\"masonry-heading\">Kamie\u0144 murowy 20x20x40 cm<\/h2>\n<p class=\"masonry-text\">Wyj\u0105tkowo trwa\u0142y kamie\u0144 \u0142upany o wymiarach 20x20x40 cm powsta\u0142 z my\u015bl\u0105 o du\u017cych konstrukcjach murarskich. Jego proporcje u\u0142atwiaj\u0105 precyzyjne uk\u0142adanie, co znacznie przyspiesza prace budowlane. Dzi\u0119ki wytrzyma\u0142ej strukturze i stabilnym wymiarom kamie\u0144 ten doskonale sprawdza si\u0119 w realizacji rozleg\u0142ych projekt\u00f3w, zapewniaj\u0105c jednocze\u015bnie solidno\u015b\u0107 oraz estetyczny, naturalny wygl\u0105d mur\u00f3w.<\/p>\n<\/div>\n<div class=\"column\">\n<h2 class=\"masonry-heading\">R\u00f3\u017cne rozmiary i kolory<\/h2>\n<p class=\"masonry-text\">Kamie\u0144 murowy oferujemy z pe\u0142n\u0105 personalizacj\u0105, dzi\u0119ki czemu \u0142atwo dopasowa\u0107 go do indywidualnych potrzeb klienta. Szeroki wyb\u00f3r rozmiar\u00f3w, kszta\u0142t\u00f3w i faktur pozwala precyzyjnie dopasowa\u0107 materia\u0142 do charakteru ka\u017cdego projektu. Taka elastyczno\u015b\u0107 zapewnia nie tylko trwa\u0142o\u015b\u0107 konstrukcji, ale tak\u017ce podkre\u015bla unikalny styl i estetyk\u0119 inwestycji.<\/p>\n<p>Zobacz tak\u017ce na nasze uko\u0144czone: <a href=\"https:\/\/granit-world.pl\/index.php\/portfolio\/realizacje\/\">REALIZACJE<\/a><\/p>\n<\/div>\n<\/div>\n<\/div>\n","protected":false},"excerpt":{"rendered":"<p>Kamie\u0144 murowy \u0142upany to naturalny kamie\u0144 roz\u0142upany r\u0119cznie lub maszynowo na mniejsze bry\u0142y o chropowatej, nieregularnej powierzchni. Taki kamie\u0144 zachowuje surowy, naturalny wygl\u0105d, kt\u00f3ry nadaje budowlom rustykalny i solidny charakter. Dzi\u0119ki trwa\u0142o\u015bci i odporno\u015bci na warunki atmosferyczne sprawdza si\u0119 \u015bwietnie przy budowie mur\u00f3w, ogrodze\u0144 i elewacji. Kamie\u0144 murowy 10x20x40 cm Kompaktowy kamie\u0144 \u0142upany o wymiarach&#8230;<\/p>\n","protected":false},"author":8,"featured_media":0,"parent":0,"menu_order":0,"comment_status":"closed","ping_status":"closed","template":"","meta":{"_acf_changed":false,"_kad_post_transparent":"","_kad_post_title":"","_kad_post_layout":"","_kad_post_sidebar_id":"","_kad_post_content_style":"","_kad_post_vertical_padding":"","_kad_post_feature":"","_kad_post_feature_position":"","_kad_post_header":false,"_kad_post_footer":false,"footnotes":""},"class_list":["post-9312","page","type-page","status-publish","hentry"],"acf":[],"_links":{"self":[{"href":"https:\/\/granit-world.pl\/index.php\/wp-json\/wp\/v2\/pages\/9312","targetHints":{"allow":["GET"]}}],"collection":[{"href":"https:\/\/granit-world.pl\/index.php\/wp-json\/wp\/v2\/pages"}],"about":[{"href":"https:\/\/granit-world.pl\/index.php\/wp-json\/wp\/v2\/types\/page"}],"author":[{"embeddable":true,"href":"https:\/\/granit-world.pl\/index.php\/wp-json\/wp\/v2\/users\/8"}],"replies":[{"embeddable":true,"href":"https:\/\/granit-world.pl\/index.php\/wp-json\/wp\/v2\/comments?post=9312"}],"version-history":[{"count":13,"href":"https:\/\/granit-world.pl\/index.php\/wp-json\/wp\/v2\/pages\/9312\/revisions"}],"predecessor-version":[{"id":12064,"href":"https:\/\/granit-world.pl\/index.php\/wp-json\/wp\/v2\/pages\/9312\/revisions\/12064"}],"wp:attachment":[{"href":"https:\/\/granit-world.pl\/index.php\/wp-json\/wp\/v2\/media?parent=9312"}],"curies":[{"name":"wp","href":"https:\/\/api.w.org\/{rel}","templated":true}]}}