{"id":1807,"date":"2018-12-18T12:21:41","date_gmt":"2018-12-18T12:21:41","guid":{"rendered":"https:\/\/wilmer.qodeinteractive.com\/?page_id=1807"},"modified":"2025-08-21T18:00:31","modified_gmt":"2025-08-21T18:00:31","slug":"kontakt","status":"publish","type":"page","link":"https:\/\/granit-world.pl\/index.php\/kontakt\/","title":{"rendered":"kontakt"},"content":{"rendered":"<p><iframe loading=\"lazy\"\n\t\t\t\t\tsrc=\"https:\/\/maps.app.goo.gl\/k7V9WQDHyamxu3j28;iwloc=near\"\n\t\t\t\t\ttitle=\"Granit World\"\n\t\t\t\t\taria-label=\"Strzegom\"\n\t\t\t><\/iframe><\/p>\n<p role=\"status\" aria-live=\"polite\" aria-atomic=\"true\">\n<ul><\/ul>\n<form action=\"\/wp-admin\/admin-ajax.php#wpcf7-f7-o3\" method=\"post\" aria-label=\"Formularz kontaktowy\" novalidate=\"novalidate\" data-status=\"init\">\n<input type=\"hidden\" name=\"_wpcf7\" value=\"7\" \/><br \/>\n<input type=\"hidden\" name=\"_wpcf7_version\" value=\"5.9.7\" \/><br \/>\n<input type=\"hidden\" name=\"_wpcf7_locale\" value=\"pl_PL\" \/><br \/>\n<input type=\"hidden\" name=\"_wpcf7_unit_tag\" value=\"wpcf7-f7-o3\" \/><br \/>\n<input type=\"hidden\" name=\"_wpcf7_container_post\" value=\"0\" \/><br \/>\n<input type=\"hidden\" name=\"_wpcf7_posted_data_hash\" value=\"\" \/><br \/>\n<label> Twoje imi\u0119 i nazwisko<br \/>\n    <input size=\"40\" maxlength=\"400\" autocomplete=\"name\" aria-required=\"true\" aria-invalid=\"false\" value=\"\" type=\"text\" name=\"your-name\" \/> <\/label><br \/>\n<label> Tw\u00f3j adres e-mail<br \/>\n    <input size=\"40\" maxlength=\"400\" autocomplete=\"email\" aria-required=\"true\" aria-invalid=\"false\" value=\"\" type=\"email\" name=\"your-email\" \/> <\/label><br \/>\n<label> Temat<br \/>\n    <input size=\"40\" maxlength=\"400\" aria-required=\"true\" aria-invalid=\"false\" value=\"\" type=\"text\" name=\"your-subject\" \/> <\/label><br \/>\n<label> Twoja wiadomo\u015b\u0107 (opcjonalne)<br \/>\n    <textarea cols=\"40\" rows=\"10\" maxlength=\"2000\" aria-invalid=\"false\" name=\"your-message\"><\/textarea> <\/label><br \/>\n<input type=\"hidden\" name=\"_wpcf7_captcha_challenge_your-captcha\" value=\"2121394214\" \/><img loading=\"lazy\" decoding=\"async\" width=\"72\" height=\"24\" alt=\"captcha\" src=\"https:\/\/granit-world.pl\/wp-content\/uploads\/wpcf7_captcha\/2121394214.png\" \/><br \/>\n<label>Przepisz kod <input size=\"40\" autocomplete=\"off\" aria-invalid=\"false\" value=\"\" type=\"text\" name=\"your-captcha\" \/><\/label><br \/>\n<button type=\"submit\">Wy\u015blij<\/button><br \/>\n<\/form>\n<h6 style=\"color: #FFFFFF\">\n                GRANIT WORLD            <\/h6>\n<h2 style=\"color: #FFFFFF\">\n\t\t\t\tZapraszamy do kontaktu<br \/>\t\t\t<\/h2>\n<p>\t\t<a href=\"https:\/\/maps.app.goo.gl\/k7V9WQDHyamxu3j28\" target=\"_blank\" rel=\"noopener\">Skwierzy\u0144ska 6,<br \/>53-522 Wroc\u0142aw<\/a><\/p>\n<p>MAGAZYNY:<br \/>\n<a href=\"https:\/\/maps.app.goo.gl\/k7V9WQDHyamxu3j28\" target=\"_blank\" rel=\"noopener\">Niepodleg\u0142o\u015bci,<br \/>58-150 Strzegom<\/a><\/p>\n<p><a href=\"https:\/\/maps.app.goo.gl\/k7V9WQDHyamxu3j28\" target=\"_blank\" rel=\"noopener\">Gniewk\u00f3w,<br \/>58-172 Dobromierz<\/a><\/p>\n<p style=\"margin-bottom: 0;\">\n  Email: <a href=\"mailto:kontakt@granit-world.pl\">kontakt@granit-world.pl<\/a>\n<\/p>\n<p>Phone: <a href=\"tel:+48608489076\">+48-608-489-076<\/a><\/p>\n<p>\u00a0<\/p>\n<h4><a style=\"color: #ffffff;\">\u015aled\u017a nas na:<\/a><\/h4>\n<p>                    <a itemprop=\"url\" href=\"https:\/\/www.facebook.com\/profile.php?id=61558503417252\" target=\"_blank\" rel=\"noopener\"><br \/>\n                                        <\/a><br \/>\n                    <a itemprop=\"url\" href=\"https:\/\/www.youtube.com\/channel\/UCcFT05rFzD24R2VAwA09Vlw\" target=\"_blank\" rel=\"noopener\"><br \/>\n                                        <\/a><\/p>\n","protected":false},"excerpt":{"rendered":"<p>Twoje imi\u0119 i nazwisko Tw\u00f3j adres e-mail Temat Twoja wiadomo\u015b\u0107 (opcjonalne) Przepisz kod Wy\u015blij GRANIT WORLD Zapraszamy do kontaktu Skwierzy\u0144ska 6,53-522 Wroc\u0142aw MAGAZYNY: Niepodleg\u0142o\u015bci,58-150 Strzegom Gniewk\u00f3w,58-172 Dobromierz Email: kontakt@granit-world.pl Phone: +48-608-489-076 \u00a0 \u015aled\u017a nas na:<\/p>\n","protected":false},"author":8,"featured_media":0,"parent":0,"menu_order":0,"comment_status":"closed","ping_status":"closed","template":"","meta":{"_acf_changed":false,"_kad_post_transparent":"","_kad_post_title":"","_kad_post_layout":"","_kad_post_sidebar_id":"","_kad_post_content_style":"","_kad_post_vertical_padding":"","_kad_post_feature":"","_kad_post_feature_position":"","_kad_post_header":false,"_kad_post_footer":false,"footnotes":""},"class_list":["post-1807","page","type-page","status-publish","hentry"],"acf":[],"_links":{"self":[{"href":"https:\/\/granit-world.pl\/index.php\/wp-json\/wp\/v2\/pages\/1807","targetHints":{"allow":["GET"]}}],"collection":[{"href":"https:\/\/granit-world.pl\/index.php\/wp-json\/wp\/v2\/pages"}],"about":[{"href":"https:\/\/granit-world.pl\/index.php\/wp-json\/wp\/v2\/types\/page"}],"author":[{"embeddable":true,"href":"https:\/\/granit-world.pl\/index.php\/wp-json\/wp\/v2\/users\/8"}],"replies":[{"embeddable":true,"href":"https:\/\/granit-world.pl\/index.php\/wp-json\/wp\/v2\/comments?post=1807"}],"version-history":[{"count":12,"href":"https:\/\/granit-world.pl\/index.php\/wp-json\/wp\/v2\/pages\/1807\/revisions"}],"predecessor-version":[{"id":12193,"href":"https:\/\/granit-world.pl\/index.php\/wp-json\/wp\/v2\/pages\/1807\/revisions\/12193"}],"wp:attachment":[{"href":"https:\/\/granit-world.pl\/index.php\/wp-json\/wp\/v2\/media?parent=1807"}],"curies":[{"name":"wp","href":"https:\/\/api.w.org\/{rel}","templated":true}]}}