{"id":1636,"date":"2023-12-17T13:59:14","date_gmt":"2023-12-17T13:59:14","guid":{"rendered":"https:\/\/wilmer.qodeinteractive.com\/?page_id=1636"},"modified":"2025-07-16T21:46:41","modified_gmt":"2025-07-16T21:46:41","slug":"o-nas","status":"publish","type":"page","link":"https:\/\/granit-world.pl\/index.php\/o-nas\/","title":{"rendered":"o nas"},"content":{"rendered":"<p><?php \/* Template Name: O nas *\/ get_header(); ?><\/p>\n<p><!-- HERO --><\/p>\n<section class=\"hero-section\" style=\"position: relative;\">\n  <img decoding=\"async\" src=\"https:\/\/granit-world.pl\/wp-content\/uploads\/2024\/02\/granit-world-1.jpg\" alt=\"Granit Hero\" style=\"width: 100%; height: auto; display: block;\"><\/p>\n<div style=\"position: absolute; top: 20%; left: 10%; color: white;\">\n<h6 style=\"font-size: 1rem; margin: 0;\">GRANIT WORLD<\/h6>\n<h1 style=\"font-size: 3rem; margin: 10px 0;\">O NAS<\/h1>\n<p style=\"font-size: 1.2rem; max-width: 700px;\">\n      Nasz granit trafi\u0142 ju\u017c w wiele ciekawych miejsc w Polsce i za granic\u0105. Pomo\u017cemy Ci wybra\u0107 odpowiedni kamie\u0144,<br \/>\n      poka\u017cemy nasze realizacje oraz przeka\u017cemy certyfikaty potwierdzaj\u0105ce jako\u015b\u0107.<\/p>\n<\/div>\n<\/section>\n<p><!-- CECHY --><\/p>\n<section class=\"features-section\" style=\"padding: 60px 10% 40px;\">\n<h6 style=\"text-transform: uppercase; color: #000; font-size: 0.9rem;\">GRANIT WORLD<\/h6>\n<h2 style=\"font-size: 2rem; font-weight: bold;\">Dlaczego warto nas wybra\u0107?<\/h2>\n<div class=\"features-grid\" style=\"display: flex; flex-wrap: wrap; gap: 40px; margin-top: 40px;\">\n    <?php\n      $features = [\n        [\n          'img' => 'https:\/\/granit-world.pl\/wp-content\/uploads\/2019\/02\/h5-icon-img-01.png&#8217;,<br \/>\n          'title&#8217; => 'D\u0142ugoletnie do\u015bwiadczenie&#8217;,<br \/>\n          'desc&#8217; => 'Od ponad 30 lat produkujemy i rozpowszechniamy granit na polskim oraz europejskim rynku. Zrealizowali\u015bmy wiele projekt\u00f3w.&#8217;<br \/>\n        ],<br \/>\n        [<br \/>\n          'img&#8217; => 'https:\/\/granit-world.pl\/wp-content\/uploads\/2019\/02\/h5-icon-img-02.png&#8217;,<br \/>\n          'title&#8217; => 'Najnowsze technologie&#8217;,<br \/>\n          'desc&#8217; => 'Stosujemy najnowsze technologie pozwalaj\u0105ce uzyska\u0107 najlepszy ko\u0144cowy efekt.&#8217;<br \/>\n        ],<br \/>\n        [<br \/>\n          'img&#8217; => 'https:\/\/granit-world.pl\/wp-content\/uploads\/2019\/02\/h5-icon-img-03.png&#8217;,<br \/>\n          'title&#8217; => 'Projekt + realizacja&#8217;,<br \/>\n          'desc&#8217; => 'Podejmujemy si\u0119 produkcji materia\u0142u i przygotowania projektu. Dobieramy kamie\u0144 oraz wykonujemy projekt.&#8217;<br \/>\n        ],<br \/>\n        [<br \/>\n          'img&#8217; => 'https:\/\/granit-world.pl\/wp-content\/uploads\/2019\/02\/h5-icon-img-04.png&#8217;,<br \/>\n          'title&#8217; => 'Certyfikaty CE&#8217;,<br \/>\n          'desc&#8217; => 'Do naszych produkt\u00f3w do\u0142\u0105czamy certyfikaty. Materia\u0142 jest przebadany przez niezale\u017cne laboratorium.&#8217;<br \/>\n        ],<br \/>\n        [<br \/>\n          'img&#8217; => 'https:\/\/granit-world.pl\/wp-content\/uploads\/2019\/02\/h5-icon-img-05.png&#8217;,<br \/>\n          'title&#8217; => 'Europejska jako\u015b\u0107&#8217;,<br \/>\n          'desc&#8217; => 'Strzegomskie kamienio\u0142omy znane s\u0105 w ca\u0142ej Europie. Wydobywany granit prezentuje najwy\u017csz\u0105 jako\u015b\u0107.&#8217;<br \/>\n        ]<br \/>\n      ];<\/p>\n<p>      foreach ($features as $feature) {<br \/>\n        echo &#8217;<\/p>\n<div style=\"flex: 1 1 200px; text-align: center;\">&#8217;;<br \/>\n        echo &#8217;<img decoding=\"async\" src=\"&#039; . $feature[&#039;img&#039;] . &#039;\" alt=\"\" style=\"height: 60px; margin-bottom: 15px;\">&#8217;;<br \/>\n        echo &#8217;<\/p>\n<h4 style=\"margin-bottom: 10px;\">&#8217; . $feature[&#8217;title&#8217;] . &#8217;<\/h4>\n<p>&#8217;;<br \/>\n        echo &#8217;<\/p>\n<p style=\"font-size: 0.95rem;\">&#8217; . $feature[&#8217;desc&#8217;] . &#8217;<\/p>\n<p>&#8217;;<br \/>\n        echo &#8217;<\/p><\/div>\n<p>&#8217;;<br \/>\n      }<br \/>\n    ?><\/p><\/div>\n<\/section>\n<p><!-- WIDEO --><\/p>\n<section class=\"video-section\" style=\"margin-top: 40px;\">\n<div style=\"width: 100%; max-width: 100%; overflow: hidden;\">\n    <iframe loading=\"lazy\" width=\"100%\" height=\"600\" src=\"https:\/\/www.youtube.com\/embed\/XMFOzHnN3R0\"\n      title=\"Granit World Produkcja\" frameborder=\"0\" allowfullscreen style=\"display: block;\"><\/iframe><\/div>\n<\/section>\n<p><!-- PROJEKT --><\/p>\n<section class=\"project-section\" style=\"background-color: #f05a00; color: white; padding: 60px 10%;\">\n<h6 style=\"text-transform: uppercase;\">GRANIT WORLD<\/h6>\n<h2 style=\"font-size: 2rem; font-weight: bold;\">Przygotujemy ka\u017cdy projekt<\/h2>\n<p style=\"max-width: 800px; margin-top: 20px; font-size: 1.1rem;\">\n    Oferujemy kompleksow\u0105 us\u0142ug\u0119 przygotowywania projekt\u00f3w z wykorzystaniem wysokiej jako\u015bci element\u00f3w granitowych.<br \/>\n    Niezale\u017cnie od tego, czy potrzebujesz blat\u00f3w, parapet\u00f3w, kominka czy schod\u00f3w \u2013 nasz do\u015bwiadczony zesp\u00f3\u0142 spe\u0142ni Twoje oczekiwania.<\/p>\n<p style=\"max-width: 800px; margin-top: 10px;\">\n    Projektanci i rzemie\u015blnicy pracuj\u0105 z pasj\u0105 i precyzj\u0105, dbaj\u0105c o ka\u017cdy detal, aby\u015b otrzyma\u0142 produkt najwy\u017cszej jako\u015bci.<\/p>\n<\/section>\n<p><?php get_footer(); ?><\/p>\n","protected":false},"excerpt":{"rendered":"<p>GRANIT WORLD O NAS Nasz granit trafi\u0142 ju\u017c w wiele ciekawych miejsc w Polsce i za granic\u0105. Pomo\u017cemy Ci wybra\u0107 odpowiedni kamie\u0144, poka\u017cemy nasze realizacje oraz przeka\u017cemy certyfikaty potwierdzaj\u0105ce jako\u015b\u0107. GRANIT WORLD Dlaczego warto nas wybra\u0107?<\/p>\n","protected":false},"author":8,"featured_media":0,"parent":0,"menu_order":0,"comment_status":"closed","ping_status":"closed","template":"","meta":{"_acf_changed":false,"_kad_post_transparent":"","_kad_post_title":"","_kad_post_layout":"","_kad_post_sidebar_id":"","_kad_post_content_style":"","_kad_post_vertical_padding":"","_kad_post_feature":"","_kad_post_feature_position":"","_kad_post_header":false,"_kad_post_footer":false,"footnotes":""},"class_list":["post-1636","page","type-page","status-publish","hentry"],"acf":[],"_links":{"self":[{"href":"https:\/\/granit-world.pl\/index.php\/wp-json\/wp\/v2\/pages\/1636","targetHints":{"allow":["GET"]}}],"collection":[{"href":"https:\/\/granit-world.pl\/index.php\/wp-json\/wp\/v2\/pages"}],"about":[{"href":"https:\/\/granit-world.pl\/index.php\/wp-json\/wp\/v2\/types\/page"}],"author":[{"embeddable":true,"href":"https:\/\/granit-world.pl\/index.php\/wp-json\/wp\/v2\/users\/8"}],"replies":[{"embeddable":true,"href":"https:\/\/granit-world.pl\/index.php\/wp-json\/wp\/v2\/comments?post=1636"}],"version-history":[{"count":12,"href":"https:\/\/granit-world.pl\/index.php\/wp-json\/wp\/v2\/pages\/1636\/revisions"}],"predecessor-version":[{"id":11817,"href":"https:\/\/granit-world.pl\/index.php\/wp-json\/wp\/v2\/pages\/1636\/revisions\/11817"}],"wp:attachment":[{"href":"https:\/\/granit-world.pl\/index.php\/wp-json\/wp\/v2\/media?parent=1636"}],"curies":[{"name":"wp","href":"https:\/\/api.w.org\/{rel}","templated":true}]}}