{"id":10649,"date":"2024-04-12T16:22:14","date_gmt":"2024-04-12T16:22:14","guid":{"rendered":"https:\/\/granit-world.pl\/?page_id=10649"},"modified":"2025-07-16T22:30:41","modified_gmt":"2025-07-16T22:30:41","slug":"transport","status":"publish","type":"page","link":"https:\/\/granit-world.pl\/index.php\/transport\/","title":{"rendered":"Transport"},"content":{"rendered":"<section class=\"transport\">\n<div class=\"container\">\n<div class=\"row\">\n<div class=\"left\">\n<h6>DOSTAWA<\/h6>\n<h1>TRANSPORT<\/h1>\n<p class=\"lead\">Dostarczamy nasze produkty granitowe przy u\u017cyciu r\u00f3\u017cnych \u015brodk\u00f3w transportu, takich jak ci\u0119\u017car\u00f3wki, wywrotki, mniejsze ci\u0119\u017car\u00f3wki oraz us\u0142ugi kurierskie. Niezale\u017cnie od rodzaju zam\u00f3wienia i lokalizacji dostawy, zapewniamy kompleksowe wsparcie logistyczne, aby Pa\u0144stwa produkty dotar\u0142y szybko i bezpiecznie na miejsce przeznaczenia. Prosimy o kontakt w celu uzyskania wyceny transportu dostosowanej do Pa\u0144stwa potrzeb.<\/p>\n<h4>Dostarczamy towar:<\/h4>\n<ul>\n<li><strong>\u2013<\/strong> Ci\u0119\u017car\u00f3wkami plandekowymi do 25 ton \u0142adowno\u015bci<\/li>\n<li><strong>\u2013<\/strong> Ci\u0119\u017car\u00f3wkami wywrotkami do 27 ton \u0142adowno\u015bci<\/li>\n<li><strong>\u2013<\/strong> Mniejszymi ci\u0119\u017car\u00f3wkami do 12 ton \u0142adowno\u015bci<\/li>\n<li><strong>\u2013<\/strong> Busami i firmami kurierskimi<\/li>\n<\/ul>\n<\/div>\n<div class=\"right\">\n<div class=\"main-image\"><img decoding=\"async\" src=\"https:\/\/granit-world.pl\/wp-content\/uploads\/2024\/04\/granit-dostawa-600x450.jpg\" alt=\"Transport 1\" \/><\/div>\n<\/div>\n<\/div>\n<\/section>\n","protected":false},"excerpt":{"rendered":"<p>DOSTAWA TRANSPORT Dostarczamy nasze produkty granitowe przy u\u017cyciu r\u00f3\u017cnych \u015brodk\u00f3w transportu, takich jak ci\u0119\u017car\u00f3wki, wywrotki, mniejsze ci\u0119\u017car\u00f3wki oraz us\u0142ugi kurierskie. Niezale\u017cnie od rodzaju zam\u00f3wienia i lokalizacji dostawy, zapewniamy kompleksowe wsparcie logistyczne, aby Pa\u0144stwa produkty dotar\u0142y szybko i bezpiecznie na miejsce przeznaczenia. Prosimy o kontakt w celu uzyskania wyceny transportu dostosowanej do Pa\u0144stwa potrzeb. Dostarczamy towar:&#8230;<\/p>\n","protected":false},"author":8,"featured_media":0,"parent":0,"menu_order":0,"comment_status":"closed","ping_status":"closed","template":"","meta":{"_acf_changed":false,"_kad_post_transparent":"","_kad_post_title":"","_kad_post_layout":"","_kad_post_sidebar_id":"","_kad_post_content_style":"","_kad_post_vertical_padding":"","_kad_post_feature":"","_kad_post_feature_position":"","_kad_post_header":false,"_kad_post_footer":false,"footnotes":""},"class_list":["post-10649","page","type-page","status-publish","hentry"],"acf":[],"_links":{"self":[{"href":"https:\/\/granit-world.pl\/index.php\/wp-json\/wp\/v2\/pages\/10649","targetHints":{"allow":["GET"]}}],"collection":[{"href":"https:\/\/granit-world.pl\/index.php\/wp-json\/wp\/v2\/pages"}],"about":[{"href":"https:\/\/granit-world.pl\/index.php\/wp-json\/wp\/v2\/types\/page"}],"author":[{"embeddable":true,"href":"https:\/\/granit-world.pl\/index.php\/wp-json\/wp\/v2\/users\/8"}],"replies":[{"embeddable":true,"href":"https:\/\/granit-world.pl\/index.php\/wp-json\/wp\/v2\/comments?post=10649"}],"version-history":[{"count":5,"href":"https:\/\/granit-world.pl\/index.php\/wp-json\/wp\/v2\/pages\/10649\/revisions"}],"predecessor-version":[{"id":11824,"href":"https:\/\/granit-world.pl\/index.php\/wp-json\/wp\/v2\/pages\/10649\/revisions\/11824"}],"wp:attachment":[{"href":"https:\/\/granit-world.pl\/index.php\/wp-json\/wp\/v2\/media?parent=10649"}],"curies":[{"name":"wp","href":"https:\/\/api.w.org\/{rel}","templated":true}]}}