{"id":10451,"date":"2024-04-11T12:47:55","date_gmt":"2024-04-11T12:47:55","guid":{"rendered":"https:\/\/granit-world.pl\/?page_id=10451"},"modified":"2025-08-12T15:43:22","modified_gmt":"2025-08-12T15:43:22","slug":"ogrodzenia-granitowe","status":"publish","type":"page","link":"https:\/\/granit-world.pl\/index.php\/ogrodzenia-granitowe\/","title":{"rendered":"Ogrodzenia granitowe"},"content":{"rendered":"<div class=\"main-image\"><img decoding=\"async\" src=\"https:\/\/granit-world.pl\/wp-content\/uploads\/2018\/12\/brama-granit.jpg\" alt=\"ogrodzenia granitowe\" \/><\/div>\n<div><\/div>\n<div class=\"product-section\">\n<section class=\"granite-blocks-benches\">\n<div class=\"intro-text\">\n<h2>Ogrodzenia granitowe od producenta \u2013 trwa\u0142o\u015b\u0107, elegancja i presti\u017c<\/h2>\n<p>\nJako producent ogrodze\u0144 granitowych oferujemy wysokiej jako\u015bci elementy, kt\u00f3re \u0142\u0105cz\u0105 wyj\u0105tkow\u0105 estetyk\u0119 oraz niezr\u00f3wnan\u0105 trwa\u0142o\u015b\u0107. W naszej ofercie znajdziesz m.in. s\u0142upy granitowe, podmur\u00f3wki, coko\u0142y, murki oraz p\u0142yty, kt\u00f3re dopasowujemy do indywidualnych potrzeb klienta. Granit, jako naturalny kamie\u0144, wyr\u00f3\u017cnia si\u0119 niezwyk\u0142\u0105 odporno\u015bci\u0105 na warunki atmosferyczne, dzi\u0119ki czemu nie blaknie, nie nasi\u0105ka wod\u0105 i zachowuje elegancki wygl\u0105d przez wiele lat.<\/p>\n<p>Nasze ogrodzenia z granitu doskonale sprawdzaj\u0105 si\u0119 zar\u00f3wno przy domach jednorodzinnych, jak i w inwestycjach komercyjnych czy obiektach reprezentacyjnych. Realizujemy projekty w r\u00f3\u017cnych kolorach i fakturach, dostosowuj\u0105c wymiary i wyko\u0144czenia do wymaga\u0144 klienta. Wybieraj\u0105c nasz\u0105 firm\u0119, inwestujesz w solidne i efektowne ogrodzenie, kt\u00f3re podnosi presti\u017c ka\u017cdej posesji.<\/p>\n<h2>Ogrodzenia granitowe<\/h2>\n<p> S\u0142upy granitowe ogrodzeniowe to trwa\u0142e, eleganckie elementy wykorzystywane do budowy ogrodze\u0144. Charakteryzuj\u0105 si\u0119 wysok\u0105 odporno\u015bci\u0105 na warunki atmosferyczne oraz estetycznym wygl\u0105dem, kt\u00f3ry dodaje uroku ka\u017cdemu ogrodowi.<\/p>\n<p>Zapraszamy do zapoznania si\u0119 z wybranymi <a href=\"https:\/\/granit-world.pl\/index.php\/portfolio\/realizacje\/\" title=\"Zobacz nasze realizacje ogrodze\u0144 granitowych\">realizacjami<\/a> naszych ogrodze\u0144 granitowych. W galerii znajdziesz zar\u00f3wno nowoczesne projekty, jak i klasyczne wzory, kt\u00f3re doskonale podkre\u015blaj\u0105 charakter posesji. Ka\u017cdy projekt to po\u0142\u0105czenie solidnego wykonania, naturalnego pi\u0119kna granitu i dba\u0142o\u015bci o detale.<\/p>\n<p>Mo\u017cesz tak\u017ce poszuka\u0107 innych inspiracji na przyk\u0142ad <a href=\"https:\/\/pl.pinterest.com\/search\/pins\/?q=granite%20fence&#038;rs=typed\" title=\"Zobacz nasze realizacje ogrodze\u0144 granitowych\" target=\"_blank\" rel=\"noopener\">tutaj<\/a> i przekaza\u0107 je do naszego dzia\u0142u technicznego.<\/p>\n<\/div>\n<div class=\"plyty-grid\">\n<div><\/div>\n<div class=\"plyta-box\"><img decoding=\"async\" src=\"https:\/\/granit-world.pl\/wp-content\/uploads\/2024\/04\/slupki2.jpg\" alt=\"S\u0142upy ogrodzeniowe\" \/><\/p>\n<h2>S\u0142upy granitowe<\/h2>\n<p>S\u0142upy granitowe to wytrzyma\u0142e elementy konstrukcyjne o eleganckim wygl\u0105dzie, stosowane w systemach ogrodzeniowych zar\u00f3wno klasycznych, jak i nowoczesnych.<\/p>\n<\/div>\n<div class=\"plyta-box\"><img decoding=\"async\" src=\"https:\/\/granit-world.pl\/wp-content\/uploads\/2024\/04\/slupki1.jpg\" alt=\"Elementy \u0142upane\" \/><\/p>\n<h2>Elementy \u0142upane<\/h2>\n<p>\u0141upane elementy jako ogrodzenia granitowe pozwalaj\u0105 na stworzenie naturalnych, nieregularnych ogrodze\u0144 o rustykalnym charakterze, trwa\u0142ych i odpornych na warunki atmosferyczne.<\/p>\n<\/div>\n<div class=\"plyta-box\"><img decoding=\"async\" src=\"https:\/\/granit-world.pl\/wp-content\/uploads\/2024\/04\/palisady.jpg\" alt=\"Palisady granitowe\" \/><\/p>\n<h2>Palisady granitowe<\/h2>\n<p>Granitowe palisady to estetyczne wyko\u0144czenie rabat i \u015bcie\u017cek. Nadaj\u0105 ogrodom elegancki i uporz\u0105dkowany wygl\u0105d, przy jednoczesnej trwa\u0142o\u015bci na lata.<\/p>\n<\/div>\n<\/div>\n<\/section>\n<\/div>\n","protected":false},"excerpt":{"rendered":"<p>Ogrodzenia granitowe od producenta \u2013 trwa\u0142o\u015b\u0107, elegancja i presti\u017c Jako producent ogrodze\u0144 granitowych oferujemy wysokiej jako\u015bci elementy, kt\u00f3re \u0142\u0105cz\u0105 wyj\u0105tkow\u0105 estetyk\u0119 oraz niezr\u00f3wnan\u0105 trwa\u0142o\u015b\u0107. W naszej ofercie znajdziesz m.in. s\u0142upy granitowe, podmur\u00f3wki, coko\u0142y, murki oraz p\u0142yty, kt\u00f3re dopasowujemy do indywidualnych potrzeb klienta. Granit, jako naturalny kamie\u0144, wyr\u00f3\u017cnia si\u0119 niezwyk\u0142\u0105 odporno\u015bci\u0105 na warunki atmosferyczne, dzi\u0119ki czemu&#8230;<\/p>\n","protected":false},"author":8,"featured_media":0,"parent":0,"menu_order":0,"comment_status":"closed","ping_status":"closed","template":"","meta":{"_acf_changed":false,"_kad_post_transparent":"","_kad_post_title":"","_kad_post_layout":"","_kad_post_sidebar_id":"","_kad_post_content_style":"","_kad_post_vertical_padding":"","_kad_post_feature":"","_kad_post_feature_position":"","_kad_post_header":false,"_kad_post_footer":false,"footnotes":""},"class_list":["post-10451","page","type-page","status-publish","hentry"],"acf":[],"_links":{"self":[{"href":"https:\/\/granit-world.pl\/index.php\/wp-json\/wp\/v2\/pages\/10451","targetHints":{"allow":["GET"]}}],"collection":[{"href":"https:\/\/granit-world.pl\/index.php\/wp-json\/wp\/v2\/pages"}],"about":[{"href":"https:\/\/granit-world.pl\/index.php\/wp-json\/wp\/v2\/types\/page"}],"author":[{"embeddable":true,"href":"https:\/\/granit-world.pl\/index.php\/wp-json\/wp\/v2\/users\/8"}],"replies":[{"embeddable":true,"href":"https:\/\/granit-world.pl\/index.php\/wp-json\/wp\/v2\/comments?post=10451"}],"version-history":[{"count":18,"href":"https:\/\/granit-world.pl\/index.php\/wp-json\/wp\/v2\/pages\/10451\/revisions"}],"predecessor-version":[{"id":12165,"href":"https:\/\/granit-world.pl\/index.php\/wp-json\/wp\/v2\/pages\/10451\/revisions\/12165"}],"wp:attachment":[{"href":"https:\/\/granit-world.pl\/index.php\/wp-json\/wp\/v2\/media?parent=10451"}],"curies":[{"name":"wp","href":"https:\/\/api.w.org\/{rel}","templated":true}]}}