{"id":10365,"date":"2024-04-08T14:22:59","date_gmt":"2024-04-08T14:22:59","guid":{"rendered":"http:\/\/granit-world.pl\/?page_id=10365"},"modified":"2025-08-12T15:56:46","modified_gmt":"2025-08-12T15:56:46","slug":"kruszywa-czerwone","status":"publish","type":"page","link":"https:\/\/granit-world.pl\/index.php\/kruszywa-czerwone\/","title":{"rendered":"Kruszywa czerwone"},"content":{"rendered":"<section class=\"kruszywa\">\n<div class=\"container\">\n<div class=\"row\">\n<div class=\"left\">\n<h6>DOST\u0118PNE R\u00d3\u017bNE FRAKCJE<\/h6>\n<h1>Kruszywa<\/h1>\n<p>Kruszywa granit czerwony to materia\u0142 budowlany pochodz\u0105cy z granitu,<br \/>\n          charakteryzuj\u0105cy si\u0119 intensywnym czerwonym lub r\u00f3\u017cowym odcieniem.<br \/>\n          S\u0105 wykorzystywane g\u0142\u00f3wnie jako elementy dekoracyjne w architekturze krajobrazu,<br \/>\n          w ogrodach, parkach oraz jako ozdoba nawierzchni chodnik\u00f3w i plac\u00f3w.<br \/>\n          Dzi\u0119ki swojemu unikalnemu kolorowi stanowi\u0105 atrakcyjny element w projektach budowlanych,<br \/>\n          nadaj\u0105c im wyrazisty i stylowy charakter.<\/p>\n<h4>Dost\u0119pne frakcje:<\/h4>\n<ul>\n<li>Kruszywo 8\u201316 mm<\/li>\n<li>Kruszywo 16\u201332 mm<\/li>\n<li>Kruszywo 32\u201364 mm<\/li>\n<li>T\u0142ucze\u0144 poprodukcyjny \u2013 wi\u0119ksze frakcje<\/li>\n<\/ul>\n<\/div>\n<div class=\"right\">\n        <img decoding=\"async\" src=\"https:\/\/granit-world.pl\/wp-content\/uploads\/2024\/04\/kruszywo-czerwone-600x450.jpg\" alt=\"Kruszywo czerwone\"><\/div>\n<\/div>\n<\/div>\n<\/section>\n","protected":false},"excerpt":{"rendered":"<p>DOST\u0118PNE R\u00d3\u017bNE FRAKCJE Kruszywa Kruszywa granit czerwony to materia\u0142 budowlany pochodz\u0105cy z granitu, charakteryzuj\u0105cy si\u0119 intensywnym czerwonym lub r\u00f3\u017cowym odcieniem. S\u0105 wykorzystywane g\u0142\u00f3wnie jako elementy dekoracyjne w architekturze krajobrazu, w ogrodach, parkach oraz jako ozdoba nawierzchni chodnik\u00f3w i plac\u00f3w. Dzi\u0119ki swojemu unikalnemu kolorowi stanowi\u0105 atrakcyjny element w projektach budowlanych, nadaj\u0105c im wyrazisty i stylowy charakter&#8230;.<\/p>\n","protected":false},"author":8,"featured_media":0,"parent":0,"menu_order":0,"comment_status":"closed","ping_status":"closed","template":"","meta":{"_acf_changed":false,"_kad_post_transparent":"","_kad_post_title":"","_kad_post_layout":"","_kad_post_sidebar_id":"","_kad_post_content_style":"","_kad_post_vertical_padding":"","_kad_post_feature":"","_kad_post_feature_position":"","_kad_post_header":false,"_kad_post_footer":false,"footnotes":""},"class_list":["post-10365","page","type-page","status-publish","hentry"],"acf":[],"_links":{"self":[{"href":"https:\/\/granit-world.pl\/index.php\/wp-json\/wp\/v2\/pages\/10365","targetHints":{"allow":["GET"]}}],"collection":[{"href":"https:\/\/granit-world.pl\/index.php\/wp-json\/wp\/v2\/pages"}],"about":[{"href":"https:\/\/granit-world.pl\/index.php\/wp-json\/wp\/v2\/types\/page"}],"author":[{"embeddable":true,"href":"https:\/\/granit-world.pl\/index.php\/wp-json\/wp\/v2\/users\/8"}],"replies":[{"embeddable":true,"href":"https:\/\/granit-world.pl\/index.php\/wp-json\/wp\/v2\/comments?post=10365"}],"version-history":[{"count":3,"href":"https:\/\/granit-world.pl\/index.php\/wp-json\/wp\/v2\/pages\/10365\/revisions"}],"predecessor-version":[{"id":12183,"href":"https:\/\/granit-world.pl\/index.php\/wp-json\/wp\/v2\/pages\/10365\/revisions\/12183"}],"wp:attachment":[{"href":"https:\/\/granit-world.pl\/index.php\/wp-json\/wp\/v2\/media?parent=10365"}],"curies":[{"name":"wp","href":"https:\/\/api.w.org\/{rel}","templated":true}]}}