{"id":10326,"date":"2024-04-08T13:22:44","date_gmt":"2024-04-08T13:22:44","guid":{"rendered":"http:\/\/granit-world.pl\/?page_id=10326"},"modified":"2025-09-11T13:05:21","modified_gmt":"2025-09-11T13:05:21","slug":"krawezniki-granitowe","status":"publish","type":"page","link":"https:\/\/granit-world.pl\/index.php\/krawezniki-granitowe\/","title":{"rendered":"Kraw\u0119\u017cniki granitowe"},"content":{"rendered":"<div class=\"main-image-80\" style=\"text-align:center; margin-bottom:20px;\">\n    <img decoding=\"async\" src=\"https:\/\/granit-world.pl\/wp-content\/uploads\/2024\/04\/opornik2.jpg\" alt=\"Granitbordsteine\" style=\"max-width:800px; width:100%; height:auto; display:block; margin:0 auto;\"><\/div>\n<div class=\"product-description\">\n<strong>Kraw\u0119\u017cniki i oporniki granitowe<\/strong> to wyj\u0105tkowo trwa\u0142e elementy wykonane z naturalnego granitu, a wi\u0119c odporne na intensywne u\u017cytkowanie. Charakteryzuj\u0105 si\u0119 one wysok\u0105 odporno\u015bci\u0105 na \u015bcieranie, a tak\u017ce na uszkodzenia mechaniczne. Poniewa\u017c granit ma nisk\u0105 nasi\u0105kliwo\u015b\u0107, bardzo dobrze radzi sobie z r\u00f3\u017cnorodnymi warunkami atmosferycznymi, takimi jak mr\u00f3z czy deszcz.<br \/>\nKraw\u0119\u017cniki granitowe stosuje si\u0119 przede wszystkim do wyznaczania granic chodnik\u00f3w, dr\u00f3g oraz parking\u00f3w. Mog\u0105 one mie\u0107 form\u0119 prost\u0105, \u0142ukow\u0105, mostow\u0105 lub bez skosu, dzi\u0119ki czemu \u0142atwo dopasowa\u0107 je do ka\u017cdego projektu.<\/p>\n<p>Oporniki granitowe wykorzystuje si\u0119 natomiast do obramowania alejek, taras\u00f3w, a tak\u017ce do budowy murk\u00f3w i dekoracji. Dost\u0119pne s\u0105 w wersjach ci\u0119tych, szerokich, p\u0142omieniowanych oraz surowo-\u0142upanych, co umo\u017cliwia dobranie odpowiednich parametr\u00f3w do konkretnej inwestycji.<\/p>\n<p>Dzi\u0119ki swoim licznym zaletom kraw\u0119\u017cniki i oporniki granitowe pozostaj\u0105 doskona\u0142ym wyborem na wiele lat.<\/p>\n<\/div>\n<div class=\"product-grid-section\">\n<h2>Kraw\u0119\u017cnik granitowy i opornik granitowy<\/h2>\n<div class=\"product-grid masonry-columns-4\">\n<div class=\"product-column\"><img decoding=\"async\" src=\"https:\/\/granit-world.pl\/wp-content\/uploads\/2024\/04\/opornik-ciety.jpg\" alt=\"Oporniki granitowe ci\u0119te\" \/><\/p>\n<p class=\"product-sub\">Grubo\u015bci 5, 6, 8 cm<\/p>\n<h2 class=\"product-title\">\n  <a href=\"https:\/\/granit-world.pl\/index.php\/sklep-2\/\" target=\"_blank\" rel=\"noopener noreferrer\">Oporniki granitowe ci\u0119te<\/a><\/h2>\n<p class=\"product-text\">Elementy wykonane z granitu, kt\u00f3re s\u0105 precyzyjnie wyci\u0119te i przystosowane do r\u00f3\u017cnorodnych zastosowa\u0144, takich jak obramowanie alejek, tworzenie murk\u00f3w ogrodowych czy dekoracja park\u00f3w.<\/p>\n<\/div>\n<div class=\"product-column\"><img decoding=\"async\" src=\"https:\/\/granit-world.pl\/wp-content\/uploads\/2024\/04\/opornik6.jpg\" alt=\"Oporniki granitowe szerokie\" \/><\/p>\n<p class=\"product-sub\">10, 12, 15 cm grubo\u015bci<\/p>\n<h2 class=\"product-title\">\n  <a href=\"https:\/\/granit-world.pl\/index.php\/sklep-2\/\" target=\"_blank\" rel=\"noopener noreferrer\">Oporniki granitowe szerokie<\/a><\/h2>\n<p class=\"product-text\">Oporniki granitowe szerokie to solidne elementy architektoniczne wykonane z granitu, charakteryzuj\u0105ce si\u0119 du\u017c\u0105 szeroko\u015bci\u0105 i mas\u0105. Trwa\u0142e i odporne na warunki atmosferyczne.<\/p>\n<\/div>\n<div class=\"product-column\"><img decoding=\"async\" src=\"https:\/\/granit-world.pl\/wp-content\/uploads\/2024\/04\/opornik-ciety.jpg\" alt=\"Oporniki p\u0142omieniowane\" \/><\/p>\n<p class=\"product-sub\">6, 8, 10 cm grubo\u015bci<\/p>\n<h2 class=\"product-title\">\n  <a href=\"https:\/\/granit-world.pl\/index.php\/sklep-2\/\" target=\"_blank\" rel=\"noopener noreferrer\">Oporniki p\u0142omieniowane<\/a><\/h2>\n<p class=\"product-text\">Elementy architektoniczne wykonane z granitu, kt\u00f3re zosta\u0142y poddane obr\u00f3bce termicznej, co nadaje im charakterystyczny, chropowaty wygl\u0105d przypominaj\u0105cy struktur\u0119 p\u0142omieni.<\/p>\n<\/div>\n<div class=\"product-column\"><img decoding=\"async\" src=\"https:\/\/granit-world.pl\/wp-content\/uploads\/2024\/03\/kraweznik-uliczny.jpeg\" alt=\"Oporniki surowo-\u0142upane\" \/><\/p>\n<p class=\"product-sub\">10, 15 cm grubo\u015bci<\/p>\n<h2 class=\"product-title\">\n  <a href=\"https:\/\/granit-world.pl\/index.php\/sklep-2\/\" target=\"_blank\" rel=\"noopener noreferrer\">Oporniki surowo-\u0142upane<\/a><\/h2>\n<p class=\"product-text\">Oporniki granitowe surowo-\u0142upane to naturalnie wygl\u0105daj\u0105ce elementy architektoniczne wykonane z granitu, charakteryzuj\u0105ce si\u0119 surow\u0105, nier\u00f3wn\u0105 powierzchni\u0105.<\/p>\n<\/div>\n<\/div>\n<\/div>\n<div class=\"product-grid-section\">\n<div class=\"product-grid masonry-columns-4\">\n<div class=\"product-column\"><img decoding=\"async\" src=\"https:\/\/granit-world.pl\/wp-content\/uploads\/2024\/04\/kraweznik.png\" alt=\"Kraw\u0119\u017cniki proste\" \/><\/p>\n<p class=\"product-sub\">15&#215;30, 20&#215;30, 20&#215;35 cm i inne<\/p>\n<h2 class=\"product-title\">\n  <a href=\"https:\/\/granit-world.pl\/index.php\/sklep-2\/\" target=\"_blank\" rel=\"noopener noreferrer\">Kraw\u0119\u017cniki proste<\/a><\/h2>\n<p class=\"product-text\">Kraw\u0119\u017cniki granitowe proste to prostopad\u0142o\u015bcienne elementy architektoniczne wykonane z granitu, u\u017cywane g\u0142\u00f3wnie do wyznaczania granic drogowych, chodnik\u00f3w lub obszar\u00f3w parkingowych.<\/p>\n<\/div>\n<div class=\"product-column\"><img decoding=\"async\" src=\"https:\/\/granit-world.pl\/wp-content\/uploads\/2024\/04\/kraweznik.png\" alt=\"Kraw\u0119\u017cniki mostowe\" \/><\/p>\n<p class=\"product-sub\">20&#215;25, 20&#215;30 cm i inne<\/p>\n<h2 class=\"product-title\">\n  <a href=\"https:\/\/granit-world.pl\/index.php\/sklep-2\/\" target=\"_blank\" rel=\"noopener noreferrer\">Kraw\u0119\u017cniki granitowe mostowe<\/a><\/h2>\n<p class=\"product-text\">Kraw\u0119\u017cniki granitowe mostowe to specjalnie zaprojektowane elementy architektoniczne wykonane z granitu, kt\u00f3re s\u0105 stosowane g\u0142\u00f3wnie przy konstrukcjach mostowych.<\/p>\n<\/div>\n<div class=\"product-column\"><img decoding=\"async\" src=\"https:\/\/granit-world.pl\/wp-content\/uploads\/2024\/04\/kraweznik-prosty.jpg\" alt=\"Kraw\u0119\u017cniki bez skosu\" \/><\/p>\n<p class=\"product-sub\">Wymiar pod zam\u00f3wienie<\/p>\n<h2 class=\"product-title\">\n  <a href=\"https:\/\/granit-world.pl\/index.php\/sklep-2\/\" target=\"_blank\" rel=\"noopener noreferrer\">Kraw\u0119\u017cniki bez skosu<\/a><\/h2>\n<p class=\"product-text\">Elementy wykonane z granitu, kt\u00f3re nie posiadaj\u0105 pochylenia na g\u00f3rze. Charakteryzuj\u0105 si\u0119 r\u00f3wn\u0105 g\u00f3rn\u0105 powierzchni\u0105, co sprawia, \u017ce s\u0105 idealne do stosowania jako obrze\u017ca chodnik\u00f3w.<\/p>\n<\/div>\n<div class=\"product-column\"><img decoding=\"async\" src=\"https:\/\/granit-world.pl\/wp-content\/uploads\/2024\/04\/lukowy5.jpg\" alt=\"Kraw\u0119\u017cniki \u0142ukowe\" \/><\/p>\n<p class=\"product-sub\">Wymiar pod zam\u00f3wienie<\/p>\n<h2 class=\"product-title\">\n  <a href=\"https:\/\/granit-world.pl\/index.php\/sklep-2\/\" target=\"_blank\" rel=\"noopener noreferrer\">Kraw\u0119\u017cniki \u0142ukowe<\/a><\/h2>\n<p class=\"product-text\">Kraw\u0119\u017cniki granitowe \u0142ukowe to elementy wykonane z granitu, kt\u00f3rych kszta\u0142t zosta\u0142 dostosowany do \u0142ukowych linii, takich jak zakr\u0119ty czy \u0142uki drogowe.<\/p>\n<\/div>\n<\/div>\n<\/div>\n","protected":false},"excerpt":{"rendered":"<p>Kraw\u0119\u017cniki i oporniki granitowe to wyj\u0105tkowo trwa\u0142e elementy wykonane z naturalnego granitu, a wi\u0119c odporne na intensywne u\u017cytkowanie. Charakteryzuj\u0105 si\u0119 one wysok\u0105 odporno\u015bci\u0105 na \u015bcieranie, a tak\u017ce na uszkodzenia mechaniczne. Poniewa\u017c granit ma nisk\u0105 nasi\u0105kliwo\u015b\u0107, bardzo dobrze radzi sobie z r\u00f3\u017cnorodnymi warunkami atmosferycznymi, takimi jak mr\u00f3z czy deszcz. Kraw\u0119\u017cniki granitowe stosuje si\u0119 przede wszystkim do&#8230;<\/p>\n","protected":false},"author":8,"featured_media":0,"parent":0,"menu_order":0,"comment_status":"closed","ping_status":"closed","template":"","meta":{"_acf_changed":false,"_kad_post_transparent":"","_kad_post_title":"","_kad_post_layout":"","_kad_post_sidebar_id":"","_kad_post_content_style":"","_kad_post_vertical_padding":"","_kad_post_feature":"","_kad_post_feature_position":"","_kad_post_header":false,"_kad_post_footer":false,"footnotes":""},"class_list":["post-10326","page","type-page","status-publish","hentry"],"acf":[],"_links":{"self":[{"href":"https:\/\/granit-world.pl\/index.php\/wp-json\/wp\/v2\/pages\/10326","targetHints":{"allow":["GET"]}}],"collection":[{"href":"https:\/\/granit-world.pl\/index.php\/wp-json\/wp\/v2\/pages"}],"about":[{"href":"https:\/\/granit-world.pl\/index.php\/wp-json\/wp\/v2\/types\/page"}],"author":[{"embeddable":true,"href":"https:\/\/granit-world.pl\/index.php\/wp-json\/wp\/v2\/users\/8"}],"replies":[{"embeddable":true,"href":"https:\/\/granit-world.pl\/index.php\/wp-json\/wp\/v2\/comments?post=10326"}],"version-history":[{"count":13,"href":"https:\/\/granit-world.pl\/index.php\/wp-json\/wp\/v2\/pages\/10326\/revisions"}],"predecessor-version":[{"id":12245,"href":"https:\/\/granit-world.pl\/index.php\/wp-json\/wp\/v2\/pages\/10326\/revisions\/12245"}],"wp:attachment":[{"href":"https:\/\/granit-world.pl\/index.php\/wp-json\/wp\/v2\/media?parent=10326"}],"curies":[{"name":"wp","href":"https:\/\/api.w.org\/{rel}","templated":true}]}}