{"id":10219,"date":"2024-04-06T16:58:56","date_gmt":"2024-04-06T16:58:56","guid":{"rendered":"http:\/\/granit-world.pl\/?page_id=10219"},"modified":"2025-08-12T15:25:45","modified_gmt":"2025-08-12T15:25:45","slug":"parapety-granitowe","status":"publish","type":"page","link":"https:\/\/granit-world.pl\/index.php\/parapety-granitowe\/","title":{"rendered":"Parapety granitowe"},"content":{"rendered":"<div class=\"product-description\">\n<h2>Parapety granitowe<\/h2>\n<p> to doskona\u0142y wyb\u00f3r dla os\u00f3b, kt\u00f3re ceni\u0105 trwa\u0142o\u015b\u0107, estetyk\u0119 oraz funkcjonalno\u015b\u0107 w jednym. Granit, jako naturalny kamie\u0144, wyr\u00f3\u017cnia si\u0119 nie tylko wyj\u0105tkow\u0105 odporno\u015bci\u0105 na uszkodzenia mechaniczne, ale r\u00f3wnie\u017c skutecznie radzi sobie z dzia\u0142aniem czynnik\u00f3w atmosferycznych. Dzi\u0119ki temu parapety granitowe zachowuj\u0105 pi\u0119kny wygl\u0105d przez wiele lat, nawet w trudnych warunkach.<br \/>\nCo wi\u0119cej, parapety z granitu s\u0105 bardzo \u0142atwe w utrzymaniu czysto\u015bci, poniewa\u017c ich g\u0142adka powierzchnia nie ch\u0142onie zabrudze\u0144. W efekcie ewentualne plamy mo\u017cna szybko usun\u0105\u0107 bez ryzyka uszkodzenia materia\u0142u. Dodatkowo, granit dost\u0119pny jest w szerokiej gamie kolor\u00f3w i wzor\u00f3w, co pozwala na idealne dopasowanie parapetu do ka\u017cdego wn\u0119trza \u2014 zar\u00f3wno nowoczesnego, jak i klasycznego.<\/p>\n<p>Nie bez znaczenia pozostaje tak\u017ce fakt, \u017ce parapety granitowe doskonale izoluj\u0105 termicznie, dzi\u0119ki czemu chroni\u0105 mury przed wilgoci\u0105 i ch\u0142odem. Co wi\u0119cej, monta\u017c takich parapet\u00f3w zwi\u0119ksza warto\u015b\u0107 nieruchomo\u015bci, poniewa\u017c granit kojarzy si\u0119 z wysok\u0105 jako\u015bci\u0105 oraz elegancj\u0105.<\/p>\n<p>Podsumowuj\u0105c, wybieraj\u0105c parapety granitowe, inwestujesz w solidno\u015b\u0107, estetyk\u0119 oraz komfort u\u017cytkowania. To rozwi\u0105zanie, kt\u00f3re z pewno\u015bci\u0105 spe\u0142ni oczekiwania nawet najbardziej wymagaj\u0105cych klient\u00f3w.<\/p>\n<p>Wi\u0119cej w\u0142a\u015bciwo\u015bci oraz zalet stosowania takich blat\u00f3w znajd\u0105 Pa\u0144stwo na naszym <a href=\"https:\/\/granit-world.pl\/index.php\/blog\/\">blogu<\/a>\n<\/div>\n<div class=\"main-image\">\n  <img decoding=\"async\" src=\"https:\/\/granit-world.pl\/wp-content\/uploads\/2024\/04\/parapety-granitowe.jpeg\" alt=\"parapety granitowe\"><\/div>\n<div class=\"product-section\">\n<div class=\"product-item\">\n<h3 class=\"product-title\">Granit Strzegomski<\/h3>\n<p>Granit Strzegomski to jeden z najbardziej cenionych i popularnych rodzaj\u00f3w granitu w Polsce i Europie. Posiada zazwyczaj dobrze widoczn\u0105 tekstur\u0119 ziarnist\u0105, co nadaje mu charakterystyczny wygl\u0105d.<\/p>\n<p><strong class=\"product-label\">Grubo\u015b\u0107:<\/strong> dowolna<br \/>\n<strong class=\"product-label\">Pochodzenie:<\/strong> Polska, Strzegom<\/p>\n<p><img decoding=\"async\" src=\"https:\/\/granit-world.pl\/wp-content\/uploads\/2024\/04\/strzegom1.jpg\" alt=\"granit strzegomski szary\"><\/div>\n<div class=\"product-item\">\n<h3 class=\"product-title\">Granit Antracyt<\/h3>\n<p>Granit Padang Dark charakteryzuje si\u0119 g\u0142\u0119bokim, ciemnym kolorem. Jest to zazwyczaj g\u0142\u0119boki odcie\u0144 szaro\u015bci lub czerni, czasem z lekkimi ziarnistymi wzorami w kolorze szarym lub bia\u0142ym.<\/p>\n<p><strong class=\"product-label\">Grubo\u015b\u0107:<\/strong> 2 lub 3 cm<br \/>\n<strong class=\"product-label\">Pochodzenie:<\/strong> Indonezja<\/p>\n<p><img decoding=\"async\" src=\"https:\/\/granit-world.pl\/wp-content\/uploads\/2024\/04\/antracyt3.jpg\" alt=\"granit antracyt\"><\/div>\n<div class=\"product-item\">\n<h3 class=\"product-title\">Granit Multicolor<\/h3>\n<p>&#8222;Multicolor Red&#8221; odzwierciedla r\u00f3\u017cnorodno\u015b\u0107 kolor\u00f3w tego granitu. Charakteryzuje si\u0119 g\u0142\u00f3wnie czerwonym lub bordowym kolorem, ale mo\u017ce zawiera\u0107 tak\u017ce r\u00f3\u017cne odcienie r\u00f3\u017cu, br\u0105zu, pomara\u0144czy, oraz czerni.<\/p>\n<p><strong class=\"product-label\">Grubo\u015b\u0107:<\/strong> 3 cm<br \/>\n<strong class=\"product-label\">Pochodzenie:<\/strong> Indie<\/p>\n<p><img decoding=\"async\" src=\"https:\/\/granit-world.pl\/wp-content\/uploads\/2024\/04\/multicolor1-1.jpg\" alt=\"granit multicolor\"><\/div>\n<div class=\"product-item\">\n<h3 class=\"product-title\">Granit Impala<\/h3>\n<p>Granit Impala charakteryzuje si\u0119 g\u0142\u0119bokim, ciemnym kolorem, zazwyczaj przypominaj\u0105cym czarny lub bardzo ciemny szary. Mo\u017ce zawiera\u0107 r\u00f3wnie\u017c subtelne refleksy i wzory, kt\u00f3re nadaj\u0105 mu elegancki wygl\u0105d.<\/p>\n<p><strong class=\"product-label\">Grubo\u015b\u0107:<\/strong> 2 lub 3 cm<br \/>\n<strong class=\"product-label\">Pochodzenie:<\/strong> RPA<\/p>\n<p><img decoding=\"async\" src=\"https:\/\/granit-world.pl\/wp-content\/uploads\/2024\/04\/impala1.jpg\" alt=\"granit impala\"><\/div>\n<div class=\"product-item\">\n<h3 class=\"product-title\">Granit Yellow Rock<\/h3>\n<p>Granit Yellow Rock charakteryzuje si\u0119 g\u0142\u00f3wnie odcieniami \u017c\u00f3\u0142ci, z\u0142ota i br\u0105zu. Mo\u017ce zawiera\u0107 r\u00f3\u017cnorodne wzory, inkluzje minera\u0142\u00f3w oraz subtelne \u017cy\u0142ki, co nadaje mu charakterystyczny, ciep\u0142y wygl\u0105d.<\/p>\n<p><strong class=\"product-label\">Grubo\u015b\u0107:<\/strong> 2 lub 3 cm<br \/>\n<strong class=\"product-label\">Pochodzenie:<\/strong> Po\u0142udniowe Chiny<\/p>\n<p><img decoding=\"async\" src=\"https:\/\/granit-world.pl\/wp-content\/uploads\/2024\/04\/yellow1.jpg\" alt=\"granit yellow rock\"><\/div>\n<div class=\"product-item\">\n<h3 class=\"product-title\">Granit Bengal Black<\/h3>\n<p>Granit Bengal Black charakteryzuje si\u0119 g\u0142\u0119bokim, ciemnym kolorem, zwykle czarnym lub bardzo ciemnym szarym. Mo\u017ce zawiera\u0107 subtelne refleksy i wzory, kt\u00f3re dodaj\u0105 mu g\u0142\u0119bi i elegancji.<\/p>\n<p><strong class=\"product-label\">Grubo\u015b\u0107:<\/strong> 3 cm<br \/>\n<strong class=\"product-label\">Pochodzenie:<\/strong> Indie<\/p>\n<p><img decoding=\"async\" src=\"https:\/\/granit-world.pl\/wp-content\/uploads\/2024\/04\/bengal1.jpg\" alt=\"granit bengal black\"><\/div>\n<\/div>\n","protected":false},"excerpt":{"rendered":"<p>Parapety granitowe to doskona\u0142y wyb\u00f3r dla os\u00f3b, kt\u00f3re ceni\u0105 trwa\u0142o\u015b\u0107, estetyk\u0119 oraz funkcjonalno\u015b\u0107 w jednym. Granit, jako naturalny kamie\u0144, wyr\u00f3\u017cnia si\u0119 nie tylko wyj\u0105tkow\u0105 odporno\u015bci\u0105 na uszkodzenia mechaniczne, ale r\u00f3wnie\u017c skutecznie radzi sobie z dzia\u0142aniem czynnik\u00f3w atmosferycznych. Dzi\u0119ki temu parapety granitowe zachowuj\u0105 pi\u0119kny wygl\u0105d przez wiele lat, nawet w trudnych warunkach. Co wi\u0119cej, parapety z&#8230;<\/p>\n","protected":false},"author":8,"featured_media":0,"parent":0,"menu_order":0,"comment_status":"closed","ping_status":"closed","template":"","meta":{"_acf_changed":false,"_kad_post_transparent":"","_kad_post_title":"","_kad_post_layout":"","_kad_post_sidebar_id":"","_kad_post_content_style":"","_kad_post_vertical_padding":"","_kad_post_feature":"","_kad_post_feature_position":"","_kad_post_header":false,"_kad_post_footer":false,"footnotes":""},"class_list":["post-10219","page","type-page","status-publish","hentry"],"acf":[],"_links":{"self":[{"href":"https:\/\/granit-world.pl\/index.php\/wp-json\/wp\/v2\/pages\/10219","targetHints":{"allow":["GET"]}}],"collection":[{"href":"https:\/\/granit-world.pl\/index.php\/wp-json\/wp\/v2\/pages"}],"about":[{"href":"https:\/\/granit-world.pl\/index.php\/wp-json\/wp\/v2\/types\/page"}],"author":[{"embeddable":true,"href":"https:\/\/granit-world.pl\/index.php\/wp-json\/wp\/v2\/users\/8"}],"replies":[{"embeddable":true,"href":"https:\/\/granit-world.pl\/index.php\/wp-json\/wp\/v2\/comments?post=10219"}],"version-history":[{"count":8,"href":"https:\/\/granit-world.pl\/index.php\/wp-json\/wp\/v2\/pages\/10219\/revisions"}],"predecessor-version":[{"id":12158,"href":"https:\/\/granit-world.pl\/index.php\/wp-json\/wp\/v2\/pages\/10219\/revisions\/12158"}],"wp:attachment":[{"href":"https:\/\/granit-world.pl\/index.php\/wp-json\/wp\/v2\/media?parent=10219"}],"curies":[{"name":"wp","href":"https:\/\/api.w.org\/{rel}","templated":true}]}}